{"id":169,"date":"2020-03-21T22:54:13","date_gmt":"2020-03-21T22:54:13","guid":{"rendered":"https:\/\/wmv-airpower.at\/?page_id=169"},"modified":"2024-12-09T15:55:32","modified_gmt":"2024-12-09T15:55:32","slug":"impressum-datenschutz","status":"publish","type":"page","link":"https:\/\/wmv-airpower.at\/?page_id=169","title":{"rendered":"Impressum-Datenschutz"},"content":{"rendered":"\t\t<div data-elementor-type=\"wp-page\" data-elementor-id=\"169\" class=\"elementor elementor-169\" data-elementor-settings=\"[]\">\n\t\t\t<div class=\"elementor-inner\">\n\t\t\t\t<div class=\"elementor-section-wrap\">\n\t\t\t\t\t\t\t<section class=\"elementor-element elementor-element-b927904 elementor-section-boxed elementor-section-height-default elementor-section-height-default elementor-section elementor-top-section\" data-id=\"b927904\" data-element_type=\"section\">\n\t\t\t\t\t\t<div class=\"elementor-container elementor-column-gap-default\">\n\t\t\t\t<div class=\"elementor-row\">\n\t\t\t\t<div class=\"elementor-element elementor-element-0a46db6 elementor-column elementor-col-100 elementor-top-column\" data-id=\"0a46db6\" data-element_type=\"column\">\n\t\t\t<div class=\"elementor-column-wrap  elementor-element-populated\">\n\t\t\t\t\t<div class=\"elementor-widget-wrap\">\n\t\t\t\t<div class=\"elementor-element elementor-element-5f31934 elementor-widget elementor-widget-heading\" data-id=\"5f31934\" data-element_type=\"widget\" data-widget_type=\"heading.default\">\n\t\t\t\t<div class=\"elementor-widget-container\">\n\t\t\t<h2 class=\"elementor-heading-title elementor-size-default\">IMPRESSUM<\/h2>\t\t<\/div>\n\t\t\t\t<\/div>\n\t\t\t\t<div class=\"elementor-element elementor-element-a92e5c2 elementor-widget elementor-widget-spacer\" data-id=\"a92e5c2\" data-element_type=\"widget\" data-widget_type=\"spacer.default\">\n\t\t\t\t<div class=\"elementor-widget-container\">\n\t\t\t\t\t<div class=\"elementor-spacer\">\n\t\t\t<div class=\"elementor-spacer-inner\"><\/div>\n\t\t<\/div>\n\t\t\t\t<\/div>\n\t\t\t\t<\/div>\n\t\t\t\t\t\t<\/div>\n\t\t\t<\/div>\n\t\t<\/div>\n\t\t\t\t\t\t<\/div>\n\t\t\t<\/div>\n\t\t<\/section>\n\t\t\t\t<section class=\"elementor-element elementor-element-d10478d elementor-section-boxed elementor-section-height-default elementor-section-height-default elementor-section elementor-top-section\" data-id=\"d10478d\" data-element_type=\"section\">\n\t\t\t\t\t\t<div class=\"elementor-container elementor-column-gap-default\">\n\t\t\t\t<div class=\"elementor-row\">\n\t\t\t\t<div class=\"elementor-element elementor-element-c2b16da elementor-column elementor-col-50 elementor-top-column\" data-id=\"c2b16da\" data-element_type=\"column\">\n\t\t\t<div class=\"elementor-column-wrap  elementor-element-populated\">\n\t\t\t\t\t<div class=\"elementor-widget-wrap\">\n\t\t\t\t<div class=\"elementor-element elementor-element-8c0d5db elementor-widget elementor-widget-text-editor\" data-id=\"8c0d5db\" data-element_type=\"widget\" data-widget_type=\"text-editor.default\">\n\t\t\t\t<div class=\"elementor-widget-container\">\n\t\t\t\t\t<div class=\"elementor-text-editor elementor-clearfix\"><p><strong>WMV Airpower GmbH<\/strong><br \/>Innstra\u00dfe 24\/Stiege 5\/B\u00fcro 1 <br \/>1020 Wien<br \/>Tel. <a class=\"tel\" href=\"tel:012127782\">01 2127782<\/a><br \/>office@wmv-airpower.at<\/p><p><strong>Firmenbuchnummer:<\/strong><br \/>FN 527637 m<\/p><p><strong>Beginndatum der Rechtsform:<\/strong><br \/>2020-01-28<\/p><p><strong>ARA Lizenznummer:<\/strong><br \/>22821<\/p><p><strong>UID:<\/strong><br \/>ATU75183212<\/p><\/div>\n\t\t\t\t<\/div>\n\t\t\t\t<\/div>\n\t\t\t\t\t\t<\/div>\n\t\t\t<\/div>\n\t\t<\/div>\n\t\t\t\t<div class=\"elementor-element elementor-element-2642d8e elementor-column elementor-col-50 elementor-top-column\" data-id=\"2642d8e\" data-element_type=\"column\">\n\t\t\t<div class=\"elementor-column-wrap  elementor-element-populated\">\n\t\t\t\t\t<div class=\"elementor-widget-wrap\">\n\t\t\t\t<div class=\"elementor-element elementor-element-e99eb2e elementor-widget elementor-widget-text-editor\" data-id=\"e99eb2e\" data-element_type=\"widget\" data-widget_type=\"text-editor.default\">\n\t\t\t\t<div class=\"elementor-widget-container\">\n\t\t\t\t\t<div class=\"elementor-text-editor elementor-clearfix\"><p><strong>Handelnde Personen:<\/strong><\/p><p><strong>Gesch\u00e4ftsf\u00fchrer<\/strong><br \/>Herr Winkler Christian<br \/>Privatperson<br \/>alleinvertretungsberechtigt<br \/><br \/><strong>Gesch\u00e4ftsf\u00fchrer<\/strong><br \/>Herr Maurer Michael<br \/>Privatperson<br \/>alleinvertretungsberechtigt<\/p><\/div>\n\t\t\t\t<\/div>\n\t\t\t\t<\/div>\n\t\t\t\t\t\t<\/div>\n\t\t\t<\/div>\n\t\t<\/div>\n\t\t\t\t\t\t<\/div>\n\t\t\t<\/div>\n\t\t<\/section>\n\t\t\t\t<section class=\"elementor-element elementor-element-759f25f elementor-section-boxed elementor-section-height-default elementor-section-height-default elementor-section elementor-top-section\" data-id=\"759f25f\" data-element_type=\"section\">\n\t\t\t\t\t\t<div class=\"elementor-container elementor-column-gap-default\">\n\t\t\t\t<div class=\"elementor-row\">\n\t\t\t\t<div class=\"elementor-element elementor-element-554150f elementor-column elementor-col-100 elementor-top-column\" data-id=\"554150f\" data-element_type=\"column\">\n\t\t\t<div class=\"elementor-column-wrap  elementor-element-populated\">\n\t\t\t\t\t<div class=\"elementor-widget-wrap\">\n\t\t\t\t<div class=\"elementor-element elementor-element-f781170 elementor-widget elementor-widget-spacer\" data-id=\"f781170\" data-element_type=\"widget\" data-widget_type=\"spacer.default\">\n\t\t\t\t<div class=\"elementor-widget-container\">\n\t\t\t\t\t<div class=\"elementor-spacer\">\n\t\t\t<div class=\"elementor-spacer-inner\"><\/div>\n\t\t<\/div>\n\t\t\t\t<\/div>\n\t\t\t\t<\/div>\n\t\t\t\t<div class=\"elementor-element elementor-element-ac8b33c elementor-widget elementor-widget-text-editor\" data-id=\"ac8b33c\" data-element_type=\"widget\" data-widget_type=\"text-editor.default\">\n\t\t\t\t<div class=\"elementor-widget-container\">\n\t\t\t\t\t<div class=\"elementor-text-editor elementor-clearfix\"><p>Website made by <a href=\"https:\/\/www.max-himself.at\">Max Himself &#8211; Agentur f\u00fcr Branding &amp; Design<\/a><\/p><\/div>\n\t\t\t\t<\/div>\n\t\t\t\t<\/div>\n\t\t\t\t<div class=\"elementor-element elementor-element-5a093fc elementor-widget elementor-widget-spacer\" data-id=\"5a093fc\" data-element_type=\"widget\" data-widget_type=\"spacer.default\">\n\t\t\t\t<div class=\"elementor-widget-container\">\n\t\t\t\t\t<div class=\"elementor-spacer\">\n\t\t\t<div class=\"elementor-spacer-inner\"><\/div>\n\t\t<\/div>\n\t\t\t\t<\/div>\n\t\t\t\t<\/div>\n\t\t\t\t\t\t<\/div>\n\t\t\t<\/div>\n\t\t<\/div>\n\t\t\t\t\t\t<\/div>\n\t\t\t<\/div>\n\t\t<\/section>\n\t\t\t\t<section class=\"elementor-element elementor-element-fe752cd elementor-section-boxed elementor-section-height-default elementor-section-height-default elementor-section elementor-top-section\" data-id=\"fe752cd\" data-element_type=\"section\">\n\t\t\t\t\t\t<div class=\"elementor-container elementor-column-gap-default\">\n\t\t\t\t<div class=\"elementor-row\">\n\t\t\t\t<div class=\"elementor-element elementor-element-730f104 elementor-column elementor-col-100 elementor-top-column\" data-id=\"730f104\" data-element_type=\"column\">\n\t\t\t<div class=\"elementor-column-wrap  elementor-element-populated\">\n\t\t\t\t\t<div class=\"elementor-widget-wrap\">\n\t\t\t\t<div class=\"elementor-element elementor-element-22095ab elementor-widget elementor-widget-heading\" data-id=\"22095ab\" data-element_type=\"widget\" data-widget_type=\"heading.default\">\n\t\t\t\t<div class=\"elementor-widget-container\">\n\t\t\t<h2 class=\"elementor-heading-title elementor-size-default\">DATENSCHUTZ<\/h2>\t\t<\/div>\n\t\t\t\t<\/div>\n\t\t\t\t<div class=\"elementor-element elementor-element-fcee553 elementor-widget elementor-widget-spacer\" data-id=\"fcee553\" data-element_type=\"widget\" data-widget_type=\"spacer.default\">\n\t\t\t\t<div class=\"elementor-widget-container\">\n\t\t\t\t\t<div class=\"elementor-spacer\">\n\t\t\t<div class=\"elementor-spacer-inner\"><\/div>\n\t\t<\/div>\n\t\t\t\t<\/div>\n\t\t\t\t<\/div>\n\t\t\t\t<div class=\"elementor-element elementor-element-734d0e4 elementor-widget elementor-widget-text-editor\" data-id=\"734d0e4\" data-element_type=\"widget\" data-widget_type=\"text-editor.default\">\n\t\t\t\t<div class=\"elementor-widget-container\">\n\t\t\t\t\t<div class=\"elementor-text-editor elementor-clearfix\"><p>Der Betreiber dieser Website ist die WMV Airpower GmbH, eingetragen im Firmenbuch des Handelsgerichts Wien zu FN\u00a0527637 m. Die Gesch\u00e4ftsanschrift lautet Innstra\u00dfe 24\/Stiege 5\/B\u00fcro 1, 1020 Wien. Dieses Dokument beschreibt wie die WMV Airpower GmbH, die f\u00fcr den Datenschutz verantwortlich ist, die personenbezogenen Daten im Zusammenhang mit dieser Website verarbeitet.<\/p><p>Die WMV Airpower GmbH achtet auf den Schutz Ihrer pers\u00f6nlichen Daten. Ihre personenbezogenen Daten werden vertraulich und entsprechend der gesetzlichen Datenschutzvorschriften sowie dieser Datenschutzerkl\u00e4rung behandelt.<\/p><p>Die Daten\u00fcbertragung im Internet kann (z.B. bei der Kommunikation per E-Mail) Sicherheitsl\u00fccken aufweisen. Auf diesen Umstand weist die WMV Airpower GmbH ausdr\u00fccklich hin. Der l\u00fcckenlose Schutz von Daten vor dem Zugriff durch Dritte ist leider nicht m\u00f6glich.<\/p><p>Die Begriffsdefinitionen in dieser Datenschutzerkl\u00e4rung richten sich nach der Datenschutzgrundverordnung (Verordnung (EU) 2016\/679).<\/p><\/div>\n\t\t\t\t<\/div>\n\t\t\t\t<\/div>\n\t\t\t\t<div class=\"elementor-element elementor-element-0202ef3 elementor-widget elementor-widget-text-editor\" data-id=\"0202ef3\" data-element_type=\"widget\" data-widget_type=\"text-editor.default\">\n\t\t\t\t<div class=\"elementor-widget-container\">\n\t\t\t\t\t<div class=\"elementor-text-editor elementor-clearfix\"><p><strong>1. Datenverarbeitung<\/strong><\/p><p>Bei Ihrem Besuch auf unserer Website wird die WMV Airpower GmbH folgende Informationen erheben: Ihre IP-Adresse, Version und Name Ihres Web-Browsers der Website (URL), die Sie vor dem Aufruf unserer Website besucht haben, Datum und Uhrzeit Ihres Aufrufs einer Seite auf unserer Website und bestimmte Cookies (n\u00e4heres unter Punkt 2.1).<\/p><p><strong style=\"font-size: 1.4rem;\">\u00a0<\/strong><\/p><p><b>2. Datenerfassung beim Besuch unserer Website<\/b><\/p><p><u>2.1 Cookies<\/u><\/p><p>Auf dieser Website werden Cookies verwendet. Ein Cookie ist eine Datei, die auf Ihrem Computer gespeichert werden kann, wenn eine Website besucht wird. Cookies k\u00f6nnen auf keine anderen Daten auf Ihrem Computer zugreifen, diese lesen oder ver\u00e4ndern. Cookies werden verwendet, um Ihnen zus\u00e4tzliche Funktionen auf einer Website zu bieten. Sie k\u00f6nnen zum Beispiel verwendet werden, um es Ihnen zu erm\u00f6glichen, eine Website dort weiter zu verwenden, wo Sie sie verlassen haben, sowie Ihnen die Navigation auf einer Website zu erleichtern und\/oder Ihre Pr\u00e4ferenzen und Einstellungen zu speichern, wenn Sie die Website wieder besuchen.<\/p><p>Die Gro\u00dfzahl der Cookies auf dieser Website sind Session-Cookies. Diese werden automatisch gel\u00f6scht, wenn Sie die WMV Airpower GmbH Website wieder verlassen. Die dauerhaften Cookies bleiben auf Ihrem Computer, bis diese manuell in Ihrem Browser gel\u00f6scht werden. Wenn Sie unsere Website das n\u00e4chste Mal besuchen, wird diese durch die dauerhaften Cookies wiedererkannt.<\/p><p>Sollten Sie eine Benachrichtigung \u00fcber die Speicherung von Cookies beabsichtigen um diese zu kontrollieren, k\u00f6nnen Sie dies in Ihren Browsereinstellungen ausw\u00e4hlen. Ein blockieren oder l\u00f6schen von Cookies, die schon auf dem Computer gespeichert sind, ist auch nachtr\u00e4glich m\u00f6glich. Mit der \u201eHilfe\u201c-Funktion in Ihrem Browser k\u00f6nnen Sie mehr dar\u00fcber erfahren.<\/p><p>Unter <a href=\"http:\/\/www.youronlinechoices.com\/at\/praferenzmanagement\">http:\/\/www.youronlinechoices.com\/at\/praferenzmanagement<\/a> \u00a0k\u00f6nnen Sie analysieren lassen, welche Cookies bei Ihnen verwendet werden und diese einzeln oder gesamt deaktivieren lassen.<\/p><p>Durch das Blockieren oder L\u00f6schen von Cookies k\u00f6nnte Ihre Online-Erfahrung beeintr\u00e4chtigt werden und eine vollst\u00e4ndige Nutzung dieser Homepage verhindern.<\/p><p>Zur Bereitstellung bestimmter, von Ihnen erw\u00fcnschten Funktionen, und zur Durchf\u00fchrung des elektronischen Kommunikationsvorganges werden diese auf Grundlage von Art 6 Abs 1 lit f DSGVO gespeichert. \u00a0\u00a0Als Websitebetreiber haben wir ein berechtigtes Interesse an der Speicherung von Cookies zur technisch fehlerfreien und optimierten Bereitstellung unserer Dienste. Andere Cookies (etwas Analyse des Surfverhaltens) werden in dieser Datenschutzerkl\u00e4rung gesondert unter Punkt 3 erl\u00e4utert.<\/p><p><u>2.2 Verarbeitung von Kunden- und Vertragsdaten<\/u><\/p><p>Soweit personenbezogene Daten f\u00fcr die Begr\u00fcndung, inhaltliche Ausgestaltung oder \u00c4nderung des Rechtsverh\u00e4ltnisses erforderlich sind, werden diese genutzt, verarbeitet und erhoben.<\/p><p>Diese Vorg\u00e4nge erfolgen auf Grundlage von Art 6 Abs 1 lit b DSVGVO. Dieser regelt die Verarbeitung von Daten zur Erf\u00fcllung eines Vertrages oder vorvertraglicher Ma\u00dfnahmen und hierbei ist die Verarbeitung von Daten aus berechtigtem Interesse des Auftraggebers, gestattet.<\/p><p>Die Daten als Besucher der Website werden durch die WMV Airpower GmbH f\u00fcr Zwecke der Abwicklung von Auftr\u00e4gen, der Abrechnung, insofern Sie zugestimmt haben, sowie zur \u00dcbermittlung von Informationen zu entgeltlichen Angeboten elektronisch verarbeitet und nach Ma\u00dfgabe der gesetzlichen Aufbewahrungs- und Verj\u00e4hrungsfristen gesichert.<\/p><p>Soweit es erforderlich ist, erheben, verarbeiten und nutzen wir personenbezogene Daten \u00fcber Inanspruchnahme unserer Internetseiten, um dem Nutzer die Inanspruchnahme des Dienstes zu erm\u00f6glichen oder abzurechnen. In unserem berechtigten Interesse erfolgt die Verarbeitung f\u00fcr Werbezwecke und die Protokollierung Ihrer Nutzerdaten, namentlich zur Absatzf\u00f6rderung und zur Wahrung berechtigter Sicherheitsinteressen beim Betrieb unserer Website.<\/p><p><strong style=\"font-size: 1.4rem;\">\u00a0<\/strong><\/p><p><b>3.Google Analytics<\/b><\/p><p>Die Website der WMV Airpower GmbH benutzt Google Analytics, einen Webanalysedienst von Google Inc., 1600 Amphitheatre Parkway, Mountain View, CA 94043 USA (\u201cGoogle\u201d). Google Analytics verwendet sog. \u201cCookies\u201d, Textdateien, die auf Ihrem Computer gespeichert werden und eine Analyse f\u00fcr die Nutzung der Website erm\u00f6glichen.<\/p><p>Die durch das Cookie erzeugten Informationen \u00fcber Ihre Nutzung dieser Website (einschlie\u00dflich Ihrer IP-Adresse und die URLs der aufgerufenen Website) werden an den Server von Google in den USA \u00fcbertragen und dort gespeichert. Die WMV Airpower GmbH speichert keine Ihrer Daten, die in Zusammenhang mit Google Analytics erhoben werden.<\/p><p>Wir verwenden die von Google Analytics gebotenen M\u00f6glichkeit der IP-Anonymisierung. Ihre IP-Adresse wird daher von Google gek\u00fcrzt und somit anonymisiert, sobald Google Ihre IP-Adresse erh\u00e4lt. Im Auftrag der WMV Airpower GmbH wird Google diese Informationen verwenden, um Reports \u00fcber die Websiteaktivit\u00e4ten zusammenzustellen, um Ihre Nutzung der Website auszuwerten, und um weitere mit der Websitenutzung und der Internetnutzung verbundene Dienstleistungen an die WMV Airpower GmbH zu erbringen. Eine Zusammenf\u00fchrung der im Rahmen von Google Analytics von Ihrem Browser \u00fcbermittelte IP-Adresse wird mit anderen Daten erfolgt nicht.<\/p><p>Eine Verhinderung der Speicherung der Cookies ist durch eine entsprechende Einstellung Ihrer Browser-Software m\u00f6glich. Eine vollumf\u00e4ngliche Nutzung dieser Website k\u00f6nnte dann jedoch unter Umst\u00e4nden nicht m\u00f6glich sein. Eine Verhinderung, dass Ihre Daten in Zusammenhang mit Google Analytics erhebt ist mit diesem Browser Plug In m\u00f6glich: <a href=\"https:\/\/tools.google.com\/dlpage\/gaoptout?hl=de\">https:\/\/tools.google.com\/dlpage\/gaoptout?hl=de<\/a><\/p><p>Wenn Sie auf den untenstehenden Link klicken, k\u00f6nnen Sie die Erhebung Ihrer Daten durch Google Analytics auf dieser Website auch verhindern. Es wird ein Opt-Out-Cookie gesetzt, das die zuk\u00fcnftige Erfassung Ihrer Daten bei dem Besuch dieser Website verhindert:<\/p><p><a href=\"https:\/\/developers.google.com\/analytics\/devguides\/collection\/gajs\/?hl=de%27disable\">https:\/\/developers.google.com\/analytics\/devguides\/collection\/gajs\/?hl=de%27disable<\/a><\/p><p>N\u00e4hre Informationen zu den Nutzungsbedingungen von Google, sowie die Google Datenschutzmitteilung finden Sie unter<\/p><p><a href=\"https:\/\/www.google.com\/analytics\/terms\/de.html\">https:\/\/www.google.com\/analytics\/terms\/de.html<\/a> bzw. unter<\/p><p><a href=\"https:\/\/policies.google.com\/privacy?hl=at\">https:\/\/policies.google.com\/privacy?hl=at<\/a><\/p><p><strong>\u00a0<\/strong><\/p><p><b>4.Zweck der Verarbeitung von Daten<\/b><\/p><p>Die WMV Airpower GmbH verarbeitet Ihre personenbezogenen Daten nur soweit Ihre Daten zur Erf\u00fcllung des jeweiligen Zwecks erforderlich sind. Die Zwecke sind die Erf\u00fcllung eines Vertrages, die Erf\u00fcllung einer gesetzlichen Verpflichtung, die Erfassung, Bearbeitung Ihrer Anfrage in unserem Auftragsabwicklungssystem, der Versand von Informationsmaterial und Werbung, die Durchf\u00fchrung von Kundenanalysen, Markt- und Meinungsforschung, die Zurverf\u00fcgungstellung und Verbesserung dieser Website, Nutzungsstatistiken zu erstellen und um Angriffe auf unsere Website zu erkennen, zu verhindern und zu untersuchen.<\/p><p><strong>\u00a0<\/strong><\/p><p><b>5.\u00dcbermittlung Ihrer personenbezogenen Daten<\/b><\/p><p>Grundlage f\u00fcr die Datenverarbeitung ist Art 6 Abs 1 lit b DSGVO, der die Verarbeitung von Daten zur Erf\u00fcllung eines Vertrages oder vorvertraglicher Ma\u00dfnahmen gestattet.<\/p><p>Sofern die WMV Airpower GmbH Dritte mit der Verarbeitung von Daten auf Grundlage eines sogenannten Auftragsdatenverarbeitungsvertrages beauftragen, geschieht dies auf Grundlage von Art 28 DSGVO. Personenbezogene Daten werden an Dritte nur dann \u00fcbermittelt, wenn dies im Rahmen der Vertragsabwicklung notwendig ist. Dies umfasst beispielsweise die \u00dcbermittlung Ihrer personenbezogenen Daten an Zahlungsdienstanbieter bei Bestellung unserer Produkte.<\/p><p>Eine weitergehende \u00dcbermittlung Ihrer personenbezogenen Daten erfolgt nicht bzw. nur dann, wenn Sie der \u00dcbermittlung ausdr\u00fccklich zugestimmt haben. Eine Weitergabe Ihrer personenbezogenen Daten ohne ausdr\u00fcckliche Einwilligung Ihrerseits erfolgt daher nicht. Davon unger\u00fchrt bleibt die Offenlegung von personenbezogenen Daten an Dritte im Ausland und von personenbezogenen Daten aufgrund zwingender gesetzlicher Verpflichtungen (beispielsweise im Zuge der Offenlegung gegen\u00fcber Strafverfolgungsbeh\u00f6rden). Bitte beachten Sie, dass wir im Falle eines Verkaufs (von Teilen) unseres Unternehmens Ihre personenbezogenen Daten unter Umst\u00e4nden an den K\u00e4ufer weitergegeben werden.<\/p><p><strong>\u00a0<\/strong><\/p><p><b>6.Rechtliche Grundlage der Verarbeitung von Daten<\/b><\/p><p>F\u00fcr die Verarbeitung Ihrer personenbezogenen Daten ist die Erf\u00fcllung eines Vertrages (gem\u00e4\u00df Art 6 Abs 1 lit b DSGVO) sowie unser \u00fcberwiegendes, berechtigtes Interesse (gem\u00e4\u00df Art 6 Abs 1 lit f DSGVO), welches darin besteht, die unter Punkt 5 genannten Zwecke zu erreichen notwendig. Es kann auch Ihre Einwilligung (gem\u00e4\u00df Art 6 Abs 1 lit a DSGVO) Grundlage f\u00fcr die Verarbeitung sein. Die WMV Airpower GmbH weist darauf hin, dass die Datenverarbeitung auch in Erf\u00fcllung gesetzlicher Verpflichtungen (gem\u00e4\u00df Art 6 Abs 1 lit a DSGVO) erfolgen kann und wir uns gegebenenfalls auf andere rechtliche Gr\u00fcnde f\u00fcr die Verarbeitung Ihrer pers\u00f6nlichen Daten, wie beispielsweise zur Durchsetzung unserer legitimen Interessen im Zuge der Betrugspr\u00e4vention st\u00fctzen. Hierbei kann es auch zur \u00dcbermittlung Ihrer personenbezogenen Daten an die jeweils zust\u00e4ndige Beh\u00f6rde kommen, sofern die WMV Airpower GmbH dazu verpflichtet ist.<span style=\"font-size: 1.4rem;\">\u00a0<\/span><\/p><p><strong>\u00a0<\/strong><\/p><p><b>7.Dauer der Speicherung<\/b><\/p><p>Die WMV Airpower GmbH werden Ihre im Rahmen der Website-Analyse ermittelten Daten grunds\u00e4tzlich f\u00fcr eine Dauer von drei Monaten speichern. Eine l\u00e4ngere Speicherung erfolgt nur, soweit dies erforderlich ist, um festgestellte Angriffe auf unsere Website zu untersuchen oder solange die gesetzlichen Aufbewahrungspflichten bestehen, sowie solange etwaige rechtliche Anspr\u00fcche noch nicht verj\u00e4hrt sind, f\u00fcr deren Geltendmachung oder deren Abwehr die personenbezogenen Daten ben\u00f6tigt werden.<\/p><p><strong style=\"font-size: 1.4rem;\">\u00a0<\/strong><\/p><p><span style=\"font-size: 1.4rem;\"><b>8.Rechte im Zusammenhang mit personenbezogenen Daten<\/b><\/span><\/p><p>Rechtlich sind Sie unter anderem berechtigt,<\/p><ul><li>Ihr unentgeltliches Auskunftsrecht geltend zu machen. Hier k\u00f6nnen Sie \u00fcberpr\u00fcfen, ob und welche personenbezogenen Daten wir \u00fcber Sie gespeichert haben und Kopien dieser Daten erhalten, sowie die Herkunft, Empf\u00e4nger und den Zweck der Datenverarbeitung erfahren.<\/li><\/ul><ul><li>die Berichtigung, das L\u00f6schen, oder das Erg\u00e4nzen Ihrer personenbezogenen Daten, die nicht korrekt sind oder nicht rechtskonform verarbeitet werden, zu verlangen; bitte beachten Sie, dass es Gr\u00fcnde geben kann, die einer sofortigen L\u00f6schung entgegenstehen (z.B.: gesetzliche Aufbewahrungspflicht).<\/li><\/ul><ul><li>eine Daten\u00fcbertragbarkeit zu verlangen (Recht auf Datenportabilit\u00e4t).<\/li><\/ul><ul><li>unter gewissen Umst\u00e4nden der Verarbeitung Ihrer personenbezogenen Daten zu widersprechen (Widerspruchsrecht).<\/li><\/ul><ul><li>Widerruf der Einwilligung zur Verarbeitung Ihrer pers\u00f6nlichen Daten Der Widerruf Ihrer Einwilligung zur Datenverarbeitung kann jederzeit erfolgen. F\u00fcr den Widerruf reicht eine formlose E-Mail an die unter Punkt 10 angef\u00fchrte E-Mail-Adresse (Widerrufsrecht).<\/li><\/ul><ul><li>eine Einschr\u00e4nkung der Verarbeitung Ihrer personenbezogenen Daten zu verlangen (Recht auf Einschr\u00e4nkung der Verarbeitung).<\/li><\/ul><ul><li>sich zu beschweren. Im Falle eines Versto\u00dfes gegen geltende Datenschutzbestimmungen besteht die M\u00f6glichkeit zur Beschwerde an die zust\u00e4ndige Aufsichtsbeh\u00f6rde (\u00d6sterreichische Datenschutzbeh\u00f6rde, Wickenburggasse 8, 1080 Wien, Telefon: +43\u00a0152\u00a0152-0, E-Mail: <a href=\"mailto:dsb@dsb.gv.at\">dsb@dsb.gv.at<\/a>) (Beschwerderecht).<\/li><\/ul><p><strong>\u00a0<\/strong><\/p><p><b>9.Unsere Kontaktdaten <\/b><\/p><p>Bei Fragen oder Anliegen wenden Sie sich bitte an uns:<\/p><p>WMV Airpower GmbH<br \/>Innstra\u00dfe 24\/5\/B1<br \/>A-1020 Wien<br \/>Tel.: +43-212 77 82<br \/>E-Mail: office@wmv-airpower.at<br \/>Web: www.wmv-airpower.at<\/p><p>Die WMV Airpower GmbH weist Sie daraufhin, dass es im Zuge der Geltendmachung Ihrer Rechte notwendig sein kann, weitere Informationen zur Best\u00e4tigung Ihrer Identit\u00e4t anzufordern (beispielweise zur Vorlage eines amtlichen Lichtbildausweises). Dies dient lediglich dem Schutz Ihrer Rechte und Privatsph\u00e4re, um zu verhindern, dass Dritte eine Auskunft \u00fcber Ihre Daten erhalten.<\/p><p>\u00a0<\/p><p><i>Zuletzt aktualisiert am 06.04.2020<\/i><\/p><\/div>\n\t\t\t\t<\/div>\n\t\t\t\t<\/div>\n\t\t\t\t\t\t<\/div>\n\t\t\t<\/div>\n\t\t<\/div>\n\t\t\t\t\t\t<\/div>\n\t\t\t<\/div>\n\t\t<\/section>\n\t\t\t\t\t\t<\/div>\n\t\t\t<\/div>\n\t\t<\/div>\n\t\t","protected":false},"excerpt":{"rendered":"<p>IMPRESSUM WMV Airpower GmbHInnstra\u00dfe 24\/Stiege 5\/B\u00fcro 1 1020 WienTel. 01 2127782office@wmv-airpower.at Firmenbuchnummer:FN 527637 m Beginndatum der Rechtsform:2020-01-28 ARA Lizenznummer:22821 UID:ATU75183212 Handelnde Personen: Gesch\u00e4ftsf\u00fchrerHerr Winkler ChristianPrivatpersonalleinvertretungsberechtigt Gesch\u00e4ftsf\u00fchrerHerr Maurer MichaelPrivatpersonalleinvertretungsberechtigt Website made by Max Himself &#8211; Agentur f\u00fcr Branding &amp; Design DATENSCHUTZ Der Betreiber dieser Website ist die WMV Airpower GmbH, eingetragen im Firmenbuch des Handelsgerichts Wien [&hellip;]<\/p>\n","protected":false},"author":2,"featured_media":0,"parent":0,"menu_order":0,"comment_status":"closed","ping_status":"closed","template":"","meta":{"footnotes":""},"class_list":["post-169","page","type-page","status-publish","hentry"],"_links":{"self":[{"href":"https:\/\/wmv-airpower.at\/index.php?rest_route=\/wp\/v2\/pages\/169","targetHints":{"allow":["GET"]}}],"collection":[{"href":"https:\/\/wmv-airpower.at\/index.php?rest_route=\/wp\/v2\/pages"}],"about":[{"href":"https:\/\/wmv-airpower.at\/index.php?rest_route=\/wp\/v2\/types\/page"}],"author":[{"embeddable":true,"href":"https:\/\/wmv-airpower.at\/index.php?rest_route=\/wp\/v2\/users\/2"}],"replies":[{"embeddable":true,"href":"https:\/\/wmv-airpower.at\/index.php?rest_route=%2Fwp%2Fv2%2Fcomments&post=169"}],"version-history":[{"count":11,"href":"https:\/\/wmv-airpower.at\/index.php?rest_route=\/wp\/v2\/pages\/169\/revisions"}],"predecessor-version":[{"id":238,"href":"https:\/\/wmv-airpower.at\/index.php?rest_route=\/wp\/v2\/pages\/169\/revisions\/238"}],"wp:attachment":[{"href":"https:\/\/wmv-airpower.at\/index.php?rest_route=%2Fwp%2Fv2%2Fmedia&parent=169"}],"curies":[{"name":"wp","href":"https:\/\/api.w.org\/{rel}","templated":true}]}}